{"id":3,"date":"2022-01-11T17:17:41","date_gmt":"2022-01-11T16:17:41","guid":{"rendered":"https:\/\/rivenditori.stringhetto.com\/?page_id=3"},"modified":"2024-09-24T10:22:31","modified_gmt":"2024-09-24T08:22:31","slug":"privacy-policy","status":"publish","type":"page","link":"https:\/\/rivenditori.stringhetto.com\/it\/privacy-policy","title":{"rendered":"Privacy Policy"},"content":{"rendered":"\t\t<div data-elementor-type=\"wp-page\" data-elementor-id=\"3\" class=\"elementor elementor-3\" data-elementor-post-type=\"page\">\n\t\t\t\t<div class=\"elementor-element elementor-element-1e888311 e-flex e-con-boxed e-con e-parent\" data-id=\"1e888311\" data-element_type=\"container\" data-e-type=\"container\">\n\t\t\t\t\t<div class=\"e-con-inner\">\n\t\t\t\t<div class=\"elementor-element elementor-element-1823fe95 elementor-widget elementor-widget-text-editor\" data-id=\"1823fe95\" data-element_type=\"widget\" data-e-type=\"widget\" data-widget_type=\"text-editor.default\">\n\t\t\t\t<div class=\"elementor-widget-container\">\n\t\t\t\t\t\t\t\t\t<h3>INFORMATIVA PER IL TRATTAMENTO DEI DATI AI SENSI DEGLI ARTT. 13-14 DEL REGOLAMENTO (UE) 2016\/679<\/h3>\n<p>In relazione al Regolamento UE 2016\/679 (a seguito anche Regolamento) si riporta di seguito l\u2019informativa di cui all\u2019oggetto.<\/p>\n<h3>1. TITOLARE DEL TRATTAMENTO<\/h3>\n<p>Stringhetto Srl con sede legale in Via Maestri del Lavoro, 9 37045 Legnago (VR) recapito telefonico +39 0442 20833, Email <a href=\"mailto:amministra@stringhetto.com\">amministra@stringhetto.com<\/a>, PEC <a href=\"mailto:stringhettosrl@pec.it\">stringhettosrl@pec.it<\/a>, in qualit\u00e0 di Titolare del trattamento dei Suoi dati personali, ai sensi e per gli effetti del Regolamento (UE) 2016\/679, relativo alla \u201cprotezione delle persone fisiche con riguardo al trattamento dei dati personali, nonch\u00e9 alla libera circolazione di tali dati\u201d, con la presente La informa che il trattamento dei suoi dati sar\u00e0 improntato ai principi di correttezza, liceit\u00e0, trasparenza e di tutela della sua riservatezza e dei suoi diritti. In relazione alla raccolta ed all\u2019utilizzo dei dati personali, il Titolare del trattamento fa innanzitutto presente che i dati sono raccolti presso l\u2019interessato, sia al momento della formulazione del preventivo che al momento della sottoscrizione del contratto e comunque dell\u2019erogazione del servizio o nel corso dello stesso.<\/p>\n<h3>2. RAPPRESENTANTE DEL TITOLARE DEL TRATTAMENTO (ART. 27 DEL REGOLAMENTO)<\/h3>\n<p>Non \u00e8 prevista la figura del Rappresentante del Titolare del trattamento all\u2019interno di questa organizzazione in quanto non necessaria ai sensi del Regolamento stesso.<\/p>\n<h3>3. RESPONSABILE DELLA PROTEZIONE DEI DATI (ARTT. DA 37 A 39 DEL REGOLAMENTO)<\/h3>\n<p>Non \u00e8 prevista la figura del Responsabile della protezione dei dati all\u2019interno di questa organizzazione (anche denominato Data Protection Officer \u2013 DPO), in quanto non necessaria ai sensi del Regolamento stesso.<\/p>\n<h3>4. FINALIT\u00c0 DEL TRATTAMENTO<\/h3>\n<p>Il trattamento dei suoi dati personali, in qualit\u00e0 di cliente o fornitore della scrivente, \u00e8 eseguito per regolare il rapporto contrattuale adempiendo ad obblighi di legge, normativi e contrattuali ed in particolare per finalit\u00e0 connesse all\u2019instaurazione e allo svolgimento di rapporti commerciali\/contrattuali e cos\u00ec:<\/p>\n<p>l\u2019esecuzione del servizio\/fornitura del bene nei confronti dell\u2019impresa;<br>adempimenti di legge connessi a norme civilistiche, fiscali e contabili, nonch\u00e9 derivanti da regolamenti e disposizioni comunitarie;<br>finalit\u00e0 di natura finanziaria e creditizia, nonch\u00e9 di controllo e tutela dei crediti.<br>Il trattamento dei dati attinenti ai suoi recapiti potr\u00e0 anche essere eseguito per finalit\u00e0 di marketing diretto, mediante invio di newsletter o inviti o comunicazioni commerciali.<br>I dati trattati potranno riguardare:<br>notizie anagrafiche (per esempio: nome, cognome, luogo e data di nascita, codice fiscale, residenza, domicilio, anche temporaneo, stato di famiglia), dati bancari, recapiti Email e telefonici.<\/p>\n<h3>5. BASE GIURIDICA E LICEIT\u00c0 DEL TRATTAMENTO<\/h3>\n<p>In riferimento alle liceit\u00e0 del trattamento individuate la scrivente le specifica, a seguito, le basi giuridiche su cui si fonda. Per le finalit\u00e0 di cui al precedente Punto 4 della presente informativa, il trattamento \u00e8 necessario sia all\u2019esecuzione di un contratto di cui lei \u00e8 parte (art. 6, paragrafo 1, lettera b) del Regolamento) sia per il perseguimento del legittimo interesse del Titolare del trattamento stesso o di terzi (art 6, paragrafo 1, lettera f) del Regolamento inoltre, il trattamento \u00e8 necessario per adempiere ad obblighi legali al quale \u00e8 soggetta la scrivente (art 6, paragrafo 1, lettera c) del Regolamento).<br>Il trattamento dei dati per finalit\u00e0 di marketing direttosi basa sull\u2019interesse legittimo della Societ\u00e0.<\/p>\n<h3>6. MODALIT\u00c0 DEL TRATTAMENTO<\/h3>\n<p>I dati personali in questione potranno essere trattati attraverso strumenti cartacei, informatici e telematici, con l\u2019impiego di misure di sicurezza atte a garantire la riservatezza del soggetto cui i dati si riferiscono e a evitare l\u2019indebito accesso a soggetti terzi o a personale non autorizzato. In ogni caso il trattamento dei Suoi dati personali avverr\u00e0 a norma di legge secondo principi di liceit\u00e0 e correttezza e in modo da tutelare la Sua riservatezza.<\/p>\n<h3>7. NATURA DEL CONFERIMENTO DEI DATI<\/h3>\n<p>Il conferimento dei dati \u00e8 obbligatorio per tutti gli adempimenti di natura legale e contrattuale. L\u2019eventuale rifiuto, parziale o totale, a conferire i dati obbligatori comporter\u00e0 l\u2019impossibilit\u00e0 oggettiva di instaurare o dar ulteriore corso ad ogni rapporto con Lei.<\/p>\n<h3 id=\"heading8\" class=\"card-header p-0\">8. COMUNICAZIONE DEI DATI<\/h3>\n<div id=\"collapse8\" class=\"collapse show\" aria-labelledby=\"heading8\" data-parent=\"#accordion1\">\n<div class=\"card-body pb-0\">\n<p>I dati personali contenuti nelle fatture e nei documenti aziendali, potranno essere comunicati dalla scrivente, unicamente per ragioni inerenti la cessione del bene e prestazione del servizio, correttezza contabile e per finalit\u00e0 di esecuzione pagamenti a Banche ed Istituti di Credito, Assicurazioni, Pubbliche Amministrazioni, Societ\u00e0 di Corrispondenza, Studi Professionali di consulenti fiscali e legali, Lavoratori Autonomi e Liberi Professionisti.<br>I dati attinenti ai recapiti potranno essere comunicati anche ai Corrieri incaricati dei trasporti.<br>Inoltre, i suoi dati potranno venire a conoscenza dei gestori, fornitori e consulenti informatici che a vario titolo si occupano di assistenza, manutenzione dei software aziendali in uso, dei sistemi IT, delle infrastrutture di rete e dell\u2019hosting dei dati.<br>Tali soggetti sono nominati Responsabili del trattamento dati dall\u2019organizzazione titolare. L\u2019elenco aggiornato dei Responsabili del trattamento e degli Incaricati \u00e8 custodito presso la sede del Titolare.<\/p>\n<h3>9. DIFFUSIONE DEI DATI<\/h3>\n<p>I dati personali trattati, in alcun modo, verranno portati a conoscenza di soggetti indeterminati.<\/p>\n<h3>10. TRASFERIMENTO ALL\u2019ESTERO<\/h3>\n<p>I dati personali trattati non risulteranno trasferiti all\u2019estero, all\u2019interno o all\u2019esterno dell\u2019Unione Europea. Si riserva tuttavia la possibilit\u00e0 di utilizzare servizi in cloud ed in tal caso i fornitori dei servizi saranno selezionati tra coloro che forniscono adeguate garanzie (conformemente a quanto previsto dall\u2019art. 46 del Regolamento 2016\/679).<\/p>\n<h3>11. DIRITTI DELL\u2019INTERESSATO<\/h3>\n<p>Le viene riconosciuto il diritto di:<\/p>\n<p>conoscere quali dati personali vengano trattati dalla scrivente, la loro origine, la finalit\u00e0 e la modalit\u00e0 del trattamento (art. 13-14 Regolamento 2016\/679);<br>ottenere la cancellazione e\/o la distruzione dei dati trattati in violazione delle norme di legge, nonch\u00e9 l\u2019aggiornamento, la rettifica o l\u2019integrazione dei dati (art. 13-14 Regolamento 2016\/679);<br>presentare richiesta di rettifica nei confronti del Titolare del trattamento (art. 13-14 Regolamento 2016\/679);<br>proporre reclamo a un\u2019autorit\u00e0 di controllo (art. 13-14 Regolamento 2016\/679);<br>presentare richiesta di cancellazione (diritto all\u2019oblio) dei dati gestiti dal Titolare del trattamento (art. 17 Regolamento 2016\/679);<br>presentare richiesta di limitazione del trattamento (art. 18 Regolamento 2016\/679);<br>presentare richiesta di opposizione nei casi il trattamento rientri in quanto definito in art. 21 Regolamento 2016\/679.<\/p>\n<h3>12. DURATA DEL TRATTAMENTO<\/h3>\n<p>Il trattamento avr\u00e0 una durata non superiore a quella necessaria agli scopi per i quali i dati sono stati raccolti e per l\u2019adempimento di obblighi di legge e comunque non oltre 10 anni dalla cessazione del rapporto contrattuale.<\/p>\n<h3>13. RESPONSABILE DEL TRATTAMENTO&nbsp;<\/h3>\n<p>Per essere informato circa le figure esterne di Responsabile del trattamento pu\u00f2 chiedere informazione all\u2019ufficio amministrazione.<\/p>\n<\/div>\n<\/div>\t\t\t\t\t\t\t\t<\/div>\n\t\t\t\t<\/div>\n\t\t\t\t\t<\/div>\n\t\t\t\t<\/div>\n\t\t\t\t<\/div>\n\t\t","protected":false},"excerpt":{"rendered":"<p>INFORMATIVA PER IL TRATTAMENTO DEI DATI AI SENSI DEGLI ARTT. 13-14 DEL REGOLAMENTO (UE) 2016\/679 In relazione al Regolamento UE 2016\/679 (a seguito anche Regolamento) si riporta di seguito l\u2019informativa di cui all\u2019oggetto. 1. TITOLARE DEL TRATTAMENTO Stringhetto Srl con sede legale in Via Maestri del Lavoro, 9 37045 Legnago (VR) recapito telefonico +39 0442 [&hellip;]<\/p>\n","protected":false},"author":1,"featured_media":0,"parent":0,"menu_order":0,"comment_status":"closed","ping_status":"closed","template":"template-canvas.php","meta":{"_acf_changed":false,"footnotes":""},"categories":[],"tags":[],"class_list":["post-3","page","type-page","status-publish","hentry"],"acf":[],"_links":{"self":[{"href":"https:\/\/rivenditori.stringhetto.com\/it\/wp-json\/wp\/v2\/pages\/3","targetHints":{"allow":["GET"]}}],"collection":[{"href":"https:\/\/rivenditori.stringhetto.com\/it\/wp-json\/wp\/v2\/pages"}],"about":[{"href":"https:\/\/rivenditori.stringhetto.com\/it\/wp-json\/wp\/v2\/types\/page"}],"author":[{"embeddable":true,"href":"https:\/\/rivenditori.stringhetto.com\/it\/wp-json\/wp\/v2\/users\/1"}],"replies":[{"embeddable":true,"href":"https:\/\/rivenditori.stringhetto.com\/it\/wp-json\/wp\/v2\/comments?post=3"}],"version-history":[{"count":31,"href":"https:\/\/rivenditori.stringhetto.com\/it\/wp-json\/wp\/v2\/pages\/3\/revisions"}],"predecessor-version":[{"id":22194,"href":"https:\/\/rivenditori.stringhetto.com\/it\/wp-json\/wp\/v2\/pages\/3\/revisions\/22194"}],"wp:attachment":[{"href":"https:\/\/rivenditori.stringhetto.com\/it\/wp-json\/wp\/v2\/media?parent=3"}],"wp:term":[{"taxonomy":"category","embeddable":true,"href":"https:\/\/rivenditori.stringhetto.com\/it\/wp-json\/wp\/v2\/categories?post=3"},{"taxonomy":"post_tag","embeddable":true,"href":"https:\/\/rivenditori.stringhetto.com\/it\/wp-json\/wp\/v2\/tags?post=3"}],"curies":[{"name":"wp","href":"https:\/\/api.w.org\/{rel}","templated":true}]}}